{"id":2353,"date":"2024-10-14T08:31:44","date_gmt":"2024-10-14T06:31:44","guid":{"rendered":"https:\/\/www.warmix-detektyw.pl\/sklep\/?post_type=product&#038;p=2353"},"modified":"2024-10-25T10:37:00","modified_gmt":"2024-10-25T08:37:00","slug":"podsluch-sejsmiczny-ineotronic-astra-gx22-przez-sciane","status":"publish","type":"product","link":"https:\/\/www.warmix-detektyw.pl\/sklep\/produkt\/podsluch-sejsmiczny-ineotronic-astra-gx22-przez-sciane\/","title":{"rendered":"Pods\u0142uch Sejsmiczny Ineotronic Astra GX22 Przez \u015acian\u0119"},"content":{"rendered":"<h2>PODS\u0141UCH SEJSMICZNY GX22<\/h2>\n<p>Pos\u0142uch sejsmiczny GX22 z adapterem do rejestracji to niezwykle precyzyjne urz\u0105dzenie, kt\u00f3re wzmacnia sygna\u0142 odbijaj\u0105cy si\u0119 od \u015bcian po przeciwnej stronie, nawet o 20 tysi\u0119cy razy. Dzi\u0119ki temu zaawansowanemu pods\u0142uchowi mo\u017cna wykorzysta\u0107 mikrofon sejsmiczny lub ig\u0142owy, w zale\u017cno\u015bci od aktualnych dzia\u0142a\u0144 operacyjnych.<\/p>\n<h2>Wielokrotne \u0142adowanie i d\u0142ugi czas pracy<\/h2>\n<p>Urz\u0105dzenie zasilane jest za pomoc\u0105 akumulatora wielokrotnego \u0142adowania, kt\u00f3ry wystarcza na kilkadziesi\u0105t godzin pracy bez konieczno\u015bci \u0142adowania. Gwarantuje skuteczne dzia\u0142anie niezale\u017cnie od materia\u0142u, z jakiego wykonana jest \u015bciana: drewno, metal, szk\u0142o, ceg\u0142a czy beton.<\/p>\n<h2>Wykorzystaj pods\u0142uch do r\u00f3\u017cnych powierzchni<\/h2>\n<p>Pods\u0142uch posiada wzmocnienie 20 000-krotne, kt\u00f3re pozwala wzmocni\u0107 sygna\u0142 nas\u0142uchiwanego d\u017awi\u0119ku poprzez modu\u0142. Wzmocnienie kontrolowane jest \u0142atwo za pomoc\u0105 potencjometru. Mo\u017cna go zastosowa\u0107 do \u015bcian, sufitu czy pod\u0142ogi, uzyskuj\u0105c nas\u0142uch na \u017cywo. Maksymalna grubo\u015b\u0107 materia\u0142u, przez kt\u00f3ry sprz\u0119t mo\u017ce uzyska\u0107 nas\u0142uch, to 45 cm, a najlepsza jako\u015b\u0107 d\u017awi\u0119ku uzyskiwana jest w materia\u0142ach do grubo\u015bci 30 cm.<\/p>\n<h2>Rejestruj wygodnie s\u0142yszany d\u017awi\u0119k<\/h2>\n<p>Pods\u0142uch wyposa\u017cony jest w port do adaptera, co pozwala na rejestracj\u0119 s\u0142yszanego d\u017awi\u0119ku na karcie pami\u0119ci microSD (kart\u0119 mo\u017cna zakupi\u0107 do zestawu) w wersji cyfrowej WAV. Dzi\u0119ki temu mo\u017cna odtworzy\u0107 nagrany d\u017awi\u0119k na komputerze w formie pliku dowodowego. Adapter ma bateri\u0119, kt\u00f3ra pozwala na oko\u0142o 3 godziny pracy po na\u0142adowaniu i obs\u0142uguje karty od 8 do 32 GB.<\/p>\n<h2>Pods\u0142uch ig\u0142owy do trudno dost\u0119pnych miejsc<\/h2>\n<p>Zastosowanie pods\u0142uchu w formie ig\u0142owej pozwala na uzyskanie nas\u0142uchu z wielu trudno dost\u0119pnych miejsc, takich jak szczeliny czy wentylacja. Ig\u0142a wykonana jest z metalu, a dzi\u0119ki swojej d\u0142ugo\u015bci mo\u017cna j\u0105 w\u0142o\u017cy\u0107 w piank\u0119 monta\u017cow\u0105, aby uzyska\u0107 d\u017awi\u0119k po drugiej stronie pod\u0142ogi czy drzwi.<\/p>\n<h2>Podsumowanie produktu<\/h2>\n<table>\n<tbody>\n<tr>\n<th>Cecha<\/th>\n<th>Szczeg\u00f3\u0142y<\/th>\n<\/tr>\n<tr>\n<td>Wzmocnienie sygna\u0142u<\/td>\n<td>20 000 razy<\/td>\n<\/tr>\n<tr>\n<td>Rodzaj mikrofonu<\/td>\n<td>Sejsmiczny lub ig\u0142owy<\/td>\n<\/tr>\n<tr>\n<td>Czas pracy akumulatora<\/td>\n<td>Do kilkudziesi\u0119ciu godzin<\/td>\n<\/tr>\n<tr>\n<td>Grubo\u015b\u0107 materia\u0142u<\/td>\n<td>Do 45 cm (najlepsza jako\u015b\u0107 do 30 cm)<\/td>\n<\/tr>\n<tr>\n<td>Rejestracja d\u017awi\u0119ku<\/td>\n<td>Karta microSD, format WAV<\/td>\n<\/tr>\n<tr>\n<td>Czas pracy adaptera<\/td>\n<td>Ok. 3 godziny<\/td>\n<\/tr>\n<tr>\n<td>Obs\u0142ugiwane karty pami\u0119ci<\/td>\n<td>8-32 GB<\/td>\n<\/tr>\n<\/tbody>\n<\/table>\n","protected":false},"excerpt":{"rendered":"<p>Pods\u0142uch sejsmiczny GX22 to zaawansowane urz\u0105dzenie z 20 000-krotnym wzmocnieniem sygna\u0142u. Umo\u017cliwia rejestracj\u0119 d\u017awi\u0119ku przez r\u00f3\u017cne materia\u0142y, ma d\u0142ugi czas pracy i r\u00f3\u017cne mikrofony.<\/p>\n","protected":false},"featured_media":2391,"comment_status":"open","ping_status":"closed","template":"","meta":[],"product_brand":[],"product_cat":[30],"product_tag":[],"class_list":{"0":"post-2353","1":"product","2":"type-product","3":"status-publish","4":"has-post-thumbnail","6":"product_cat-pozostale-produkty","8":"first","9":"instock","10":"taxable","11":"shipping-taxable","12":"purchasable","13":"product-type-simple"},"_links":{"self":[{"href":"https:\/\/www.warmix-detektyw.pl\/sklep\/wp-json\/wp\/v2\/product\/2353","targetHints":{"allow":["GET"]}}],"collection":[{"href":"https:\/\/www.warmix-detektyw.pl\/sklep\/wp-json\/wp\/v2\/product"}],"about":[{"href":"https:\/\/www.warmix-detektyw.pl\/sklep\/wp-json\/wp\/v2\/types\/product"}],"replies":[{"embeddable":true,"href":"https:\/\/www.warmix-detektyw.pl\/sklep\/wp-json\/wp\/v2\/comments?post=2353"}],"wp:featuredmedia":[{"embeddable":true,"href":"https:\/\/www.warmix-detektyw.pl\/sklep\/wp-json\/wp\/v2\/media\/2391"}],"wp:attachment":[{"href":"https:\/\/www.warmix-detektyw.pl\/sklep\/wp-json\/wp\/v2\/media?parent=2353"}],"wp:term":[{"taxonomy":"product_brand","embeddable":true,"href":"https:\/\/www.warmix-detektyw.pl\/sklep\/wp-json\/wp\/v2\/product_brand?post=2353"},{"taxonomy":"product_cat","embeddable":true,"href":"https:\/\/www.warmix-detektyw.pl\/sklep\/wp-json\/wp\/v2\/product_cat?post=2353"},{"taxonomy":"product_tag","embeddable":true,"href":"https:\/\/www.warmix-detektyw.pl\/sklep\/wp-json\/wp\/v2\/product_tag?post=2353"}],"curies":[{"name":"wp","href":"https:\/\/api.w.org\/{rel}","templated":true}]}}