{"id":2371,"date":"2024-10-14T08:31:52","date_gmt":"2024-10-14T06:31:52","guid":{"rendered":"https:\/\/www.warmix-detektyw.pl\/sklep\/?post_type=product&#038;p=2371"},"modified":"2025-08-20T10:19:23","modified_gmt":"2025-08-20T08:19:23","slug":"pluskwa-gsm-ineotronic-astra-p20-podsluch-na-zywo","status":"publish","type":"product","link":"https:\/\/www.warmix-detektyw.pl\/sklep\/produkt\/pluskwa-gsm-ineotronic-astra-p20-podsluch-na-zywo\/","title":{"rendered":"Pluskwa GSM Ineotronic Astra P20 Pods\u0142uch Na \u017bywo"},"content":{"rendered":"<h2>Ukryty pods\u0142uch do Twoich potrzeb<\/h2>\n<p>Profesjonalne urz\u0105dzenie pods\u0142uchowe Astra P20 to jeden z najlepiej zakamuflowanych pods\u0142uch\u00f3w GSM na rynku. Wystarczy w\u0142o\u017cy\u0107 kart\u0119 SIM bez kodu PIN dowolnego operatora i zadzwoni\u0107, aby uzyska\u0107 nas\u0142uch.<br \/>\nUrz\u0105dzenie to dyskretna czarna kostka, kt\u00f3ra nie \u015bwieci i nie wydaje \u017cadnych d\u017awi\u0119k\u00f3w. Wysok\u0105 jako\u015b\u0107 d\u017awi\u0119ku zapewniaj\u0105 dwa mikrofony umieszczone zewn\u0119trznie.<br \/>\nPods\u0142uch jest polecany dla rodzic\u00f3w, ma\u0142\u017conk\u00f3w oraz detektyw\u00f3w. Idealnie sprawdzi si\u0119 w pomieszczeniu mieszkalnym, biurowym jak i w poje\u017adzie.<\/p>\n<h2>Dyskretny d\u0142ugi czas pracy<\/h2>\n<p>Dzi\u0119ki wbudowanemu akumulatorowi litowo-jonowemu pods\u0142uch Astra P20 mo\u017ce pozostawa\u0107 w trybie czuwania na zastosowanej baterii do 20 dni bez pod\u0142\u0105czania go do \u0142adowania.<br \/>\nR\u00f3wnie\u017c bateria zapewnia prac\u0119 do 24 godzin w trybie nas\u0142uchu ci\u0105g\u0142ego. Sprz\u0119t mo\u017ce pracowa\u0107 r\u00f3wnie\u017c wpi\u0119ty do zasilania sta\u0142ego do \u0142adowarki sieciowej, co zapewni 24\/7.<\/p>\n<p>\u2713 D\u0142ugi czas pracy oraz dyskrecja<\/p>\n<h2>Funkcja Call-Back<\/h2>\n<p>Pods\u0142uch posiada funkcj\u0119 aktywacji d\u017awi\u0119kiem, co oznacza, \u017ce po wykryciu d\u017awi\u0119ku powy\u017cej 35 dB pluskwa do nas oddzwoni na numer telefonu, z kt\u00f3rego zosta\u0142 wys\u0142any SMS z aktywacji funkcji call-back.<br \/>\nAutomatyczne oddzwanianie mo\u017cna w ka\u017cdej chwili dezaktywowa\u0107 poprzez wys\u0142anie komendy SMS.<\/p>\n<p>\u2713 Odzwania po wykryciu d\u017awi\u0119ku<\/p>\n<h2>Dane techniczne<\/h2>\n<table>\n<tbody>\n<tr>\n<th>Parametr<\/th>\n<th>Opis<\/th>\n<\/tr>\n<tr>\n<td>Czas pracy na akumulatorze<\/td>\n<td>20 dni czuwania<\/td>\n<\/tr>\n<tr>\n<td>Czas nagrywania<\/td>\n<td>Brak nagrywania, nas\u0142uch na \u017cywo<\/td>\n<\/tr>\n<tr>\n<td>Detekcja g\u0142osu<\/td>\n<td>Tak<\/td>\n<\/tr>\n<tr>\n<td>Sterowanie pilotem<\/td>\n<td>Nie<\/td>\n<\/tr>\n<tr>\n<td>Typ no\u015bnika pami\u0119ci<\/td>\n<td>Karta microSIM<\/td>\n<\/tr>\n<tr>\n<td>Pojemno\u015b\u0107 akumulatora<\/td>\n<td>4400 mAh<\/td>\n<\/tr>\n<tr>\n<td>Czas pracy<\/td>\n<td>Ok. 24 godzin aktywnego pods\u0142uchu \/ Ok. 20 dni czuwania<\/td>\n<\/tr>\n<tr>\n<td>Wymiary<\/td>\n<td>70 mm x 35 mm x 26 mm<\/td>\n<\/tr>\n<tr>\n<td>Kolor<\/td>\n<td>Czarny<\/td>\n<\/tr>\n<tr>\n<td>Gwarancja<\/td>\n<td>24 miesi\u0105ce (Paragon), 12 miesi\u0119cy (Faktura VAT)<\/td>\n<\/tr>\n<tr>\n<td>Instrukcja obs\u0142ugi<\/td>\n<td>Pe\u0142na w j\u0119zyku polskim (Cyfrowa PDF)<\/td>\n<\/tr>\n<\/tbody>\n<\/table>\n","protected":false},"excerpt":{"rendered":"<p>Astra P20 to dyskretny pods\u0142uch GSM, idealny do monitorowania w r\u00f3\u017cnych \u015brodowiskach. Oferuje d\u0142ugi czas pracy, funkcj\u0119 call-back oraz \u0142atw\u0105 obs\u0142ug\u0119 z kart\u0105 SIM. Idealny dla rodzic\u00f3w i detektyw\u00f3w.<\/p>\n","protected":false},"featured_media":2493,"comment_status":"open","ping_status":"closed","template":"","meta":[],"product_brand":[],"product_cat":[36],"product_tag":[],"class_list":{"0":"post-2371","1":"product","2":"type-product","3":"status-publish","4":"has-post-thumbnail","6":"product_cat-podsluchy","8":"first","9":"instock","10":"taxable","11":"shipping-taxable","12":"purchasable","13":"product-type-simple"},"_links":{"self":[{"href":"https:\/\/www.warmix-detektyw.pl\/sklep\/wp-json\/wp\/v2\/product\/2371","targetHints":{"allow":["GET"]}}],"collection":[{"href":"https:\/\/www.warmix-detektyw.pl\/sklep\/wp-json\/wp\/v2\/product"}],"about":[{"href":"https:\/\/www.warmix-detektyw.pl\/sklep\/wp-json\/wp\/v2\/types\/product"}],"replies":[{"embeddable":true,"href":"https:\/\/www.warmix-detektyw.pl\/sklep\/wp-json\/wp\/v2\/comments?post=2371"}],"wp:featuredmedia":[{"embeddable":true,"href":"https:\/\/www.warmix-detektyw.pl\/sklep\/wp-json\/wp\/v2\/media\/2493"}],"wp:attachment":[{"href":"https:\/\/www.warmix-detektyw.pl\/sklep\/wp-json\/wp\/v2\/media?parent=2371"}],"wp:term":[{"taxonomy":"product_brand","embeddable":true,"href":"https:\/\/www.warmix-detektyw.pl\/sklep\/wp-json\/wp\/v2\/product_brand?post=2371"},{"taxonomy":"product_cat","embeddable":true,"href":"https:\/\/www.warmix-detektyw.pl\/sklep\/wp-json\/wp\/v2\/product_cat?post=2371"},{"taxonomy":"product_tag","embeddable":true,"href":"https:\/\/www.warmix-detektyw.pl\/sklep\/wp-json\/wp\/v2\/product_tag?post=2371"}],"curies":[{"name":"wp","href":"https:\/\/api.w.org\/{rel}","templated":true}]}}