{"id":2566,"date":"2024-10-14T08:34:22","date_gmt":"2024-10-14T06:34:22","guid":{"rendered":"https:\/\/www.warmix-detektyw.pl\/sklep\/?post_type=product&#038;p=2566"},"modified":"2025-09-24T12:22:20","modified_gmt":"2025-09-24T10:22:20","slug":"profesjonalny-dyktafon-szpiegowski-set-nano-v-mini","status":"publish","type":"product","link":"https:\/\/www.warmix-detektyw.pl\/sklep\/produkt\/profesjonalny-dyktafon-szpiegowski-set-nano-v-mini\/","title":{"rendered":"Profesjonalny Dyktafon Szpiegowski Set Nano V Mini"},"content":{"rendered":"<p>&nbsp;<\/p>\n<h2 style=\"padding-left: 40px;\"><strong>Dyktafon o Mini Rozmiarach<\/strong><\/h2>\n<p style=\"padding-left: 40px; text-align: justify;\"><strong>Profesjonalny mini dyktafon Set Nano Vos<\/strong> o miniaturowych rozmiarach <strong>w formie pluskwy<\/strong> idealnie <strong>sprawdzi si\u0119 do rejestracji d\u017awi\u0119ku podczas weryfikacji obecno\u015bci os\u00f3b niepowo\u0142anych czy aran\u017cowanych spotka\u0144<\/strong>. Jego <strong>mini wymiary<\/strong> pozwalaj\u0105 na <strong>dowolne ukrycie go w pomieszczeniach biurowych<\/strong>, <strong>mieszkalnych<\/strong>, w <strong>poje\u017adzie<\/strong> czy umieszczenie go <strong>na sobie<\/strong>. Dyktafon posiada <strong>wysokiej jako\u015bci mikrofon<\/strong> oraz d\u0142ugi czas pracy. Jest <strong>niezwykle \u0142atwy w obs\u0142udze<\/strong>, wystarczy prze\u0142\u0105czy\u0107 jeden suwak na pozycj\u0119 ON, by rozpocz\u0105\u0107 prac\u0119. <strong>B\u0142yskawiczny start urz\u0105dzenia.<\/strong><\/p>\n<h2 style=\"padding-left: 40px; text-align: left;\"><strong>Niezywk\u0142e Dyskretny Sprz\u0119t do R\u00f3\u017cnego Zastosowania<\/strong><\/h2>\n<p style=\"padding-left: 40px; text-align: center;\">\n<h2 style=\"padding-left: 40px;\"><strong>Rejestracja w Wysokiej Jako\u015bci<\/strong><\/h2>\n<p style=\"padding-left: 40px; text-align: justify;\">Dzi\u0119ki <strong>wysokiej jako\u015bci<\/strong> zapisu w <strong>bezstratnym formacie WAV<\/strong> dyktafon umo\u017cliwia <strong>zapis wielu godzin materia\u0142u<\/strong>. Zasi\u0119g mikrofonu wok\u00f3\u0142 urz\u0105dzenia <strong>to ok. 10 m<\/strong>, pozwala to na <strong>pewny zapis g\u0142osu w trudnych warunkach<\/strong> czy nawet gdy sprz\u0119t zostanie <strong>ukryty w szafce<\/strong>, <strong>torbie<\/strong> czy <strong>ubraniu<\/strong>. Niezwykle \u0142atwa obs\u0142uga jak i prostota uruchomienia.<\/p>\n<p style=\"padding-left: 40px;\"><strong>\u2713 Wiele mo\u017cliwo\u015bci zastosowania<\/strong><\/p>\n<h2 style=\"padding-left: 40px;\"><strong>Najlepsza Detekcja G\u0142osu<\/strong><\/h2>\n<p style=\"padding-left: 40px; text-align: justify;\">Dyktafon posiada <strong>opcj\u0119 rejestracji g\u0142osu w trybie detekcji d\u017awi\u0119ku VOS<\/strong>, dana funkcja uruchamia si\u0119 <strong>powy\u017cej 35 dB<\/strong> i <strong>rozpoczyna automatyczne nagrywanie.<\/strong> Idealnie sprawdzi si\u0119 <strong>gdy chcemy ukry\u0107 sprz\u0119t w mieszkaniu<\/strong> czy <strong>poje\u017adzie<\/strong> gdy nie mamy pewno\u015bci czy kto\u015b si\u0119 pojawi w danym miejscu lub <strong>gdy nie chcemy przes\u0142uchiwa\u0107 pustych element\u00f3w.<\/strong><\/p>\n<p style=\"padding-left: 40px;\"><strong>\u2713 Szybki start i \u0142atwa obs\u0142uga<\/strong><\/p>\n<h2 style=\"padding-left: 40px;\"><strong>D\u0142ugi Czas Pracy<\/strong><\/h2>\n<p style=\"padding-left: 40px; text-align: justify;\"><strong>Do 15 godzin pracy<\/strong> w trybie detekcji g\u0142osu, dzi\u0119ki zastosowaniu pojemnej baterii akumulatorowej w dyktafonie. <strong>Akumulator wielokrotnego \u0142adowania<\/strong> zapewnia d\u0142ugi czas pracy oraz <strong>wiele cykli rejestracji<\/strong> poprzez sprz\u0119t. <strong>Ma\u0142y gabaryt oraz waga<\/strong> o d\u0142ugim czasie pracy. <strong>Sprawd\u017a ju\u017c teraz.<\/strong><\/p>\n<p style=\"padding-left: 40px;\"><strong>\u2713 D\u0142ugi czas pracy do 15 godzin<\/strong><\/p>\n","protected":false},"excerpt":{"rendered":"<p>Dyktafon MKX Mini to dyskretny, \u0142atwy w obs\u0142udze sprz\u0119t z wysokiej jako\u015bci mikrofonem. Oferuje d\u0142ugi czas pracy do 15 godzin i mo\u017cliwo\u015b\u0107 nagrywania w formacie WAV. Idealny do ukrytego rejestrowania d\u017awi\u0119ku.<\/p>\n","protected":false},"featured_media":2677,"comment_status":"open","ping_status":"closed","template":"","meta":[],"product_brand":[],"product_cat":[36],"product_tag":[],"class_list":{"0":"post-2566","1":"product","2":"type-product","3":"status-publish","4":"has-post-thumbnail","6":"product_cat-podsluchy","8":"first","9":"instock","10":"taxable","11":"shipping-taxable","12":"purchasable","13":"product-type-simple"},"_links":{"self":[{"href":"https:\/\/www.warmix-detektyw.pl\/sklep\/wp-json\/wp\/v2\/product\/2566","targetHints":{"allow":["GET"]}}],"collection":[{"href":"https:\/\/www.warmix-detektyw.pl\/sklep\/wp-json\/wp\/v2\/product"}],"about":[{"href":"https:\/\/www.warmix-detektyw.pl\/sklep\/wp-json\/wp\/v2\/types\/product"}],"replies":[{"embeddable":true,"href":"https:\/\/www.warmix-detektyw.pl\/sklep\/wp-json\/wp\/v2\/comments?post=2566"}],"wp:featuredmedia":[{"embeddable":true,"href":"https:\/\/www.warmix-detektyw.pl\/sklep\/wp-json\/wp\/v2\/media\/2677"}],"wp:attachment":[{"href":"https:\/\/www.warmix-detektyw.pl\/sklep\/wp-json\/wp\/v2\/media?parent=2566"}],"wp:term":[{"taxonomy":"product_brand","embeddable":true,"href":"https:\/\/www.warmix-detektyw.pl\/sklep\/wp-json\/wp\/v2\/product_brand?post=2566"},{"taxonomy":"product_cat","embeddable":true,"href":"https:\/\/www.warmix-detektyw.pl\/sklep\/wp-json\/wp\/v2\/product_cat?post=2566"},{"taxonomy":"product_tag","embeddable":true,"href":"https:\/\/www.warmix-detektyw.pl\/sklep\/wp-json\/wp\/v2\/product_tag?post=2566"}],"curies":[{"name":"wp","href":"https:\/\/api.w.org\/{rel}","templated":true}]}}