{"id":2568,"date":"2024-10-14T08:34:22","date_gmt":"2024-10-14T06:34:22","guid":{"rendered":"https:\/\/www.warmix-detektyw.pl\/sklep\/?post_type=product&#038;p=2568"},"modified":"2025-09-29T13:23:58","modified_gmt":"2025-09-29T11:23:58","slug":"wykrywacz-rosa-md8000","status":"publish","type":"product","link":"https:\/\/www.warmix-detektyw.pl\/sklep\/produkt\/wykrywacz-rosa-md8000\/","title":{"rendered":"Wykrywacz Rosa MD8000"},"content":{"rendered":"<h2>Zadbaj o swoje bezpiecze\u0144stwo w domu lub biurze<\/h2>\n<p>Wykrywacz MD8000, oparty na zaawansowanej niemieckiej technologii, umo\u017cliwia \u0142atwe wykrywanie i lokalizowanie urz\u0105dze\u0144 szpieguj\u0105cych, takich jak kamery Wi-Fi, pods\u0142uchy GSM czy lokalizatory GPS. Dzi\u0119ki szerokiemu zakresowi cz\u0119stotliwo\u015bci od 1 MHz do 12 GHz, jest to sprz\u0119t por\u00f3wnywalny z profesjonalnymi urz\u0105dzeniami.<\/p>\n<h2>Wyj\u0105tkowo skuteczny wykrywacz o wysokich parametrach<\/h2>\n<p>Obs\u0142uga urz\u0105dzenia MD8000 jest niezwykle prosta. Wystarczy ustawi\u0107 czu\u0142o\u015b\u0107 za pomoc\u0105 pokr\u0119t\u0142a, a nast\u0119pnie przeszukiwa\u0107 otoczenie. Wykrywacz mo\u017ce zlokalizowa\u0107 sygna\u0142y z odleg\u0142o\u015bci do 1 metra, a optymalna skuteczno\u015b\u0107 osi\u0105gana jest w zasi\u0119gu 5-30 cm, co zapewnia precyzyjne wykrywanie.<\/p>\n<h2>Sprawd\u017a samoch\u00f3d czy pomieszczenie<\/h2>\n<p>U\u017cyj MD8000 do skanowania biura, mieszkania lub samochodu pod k\u0105tem aktywnych urz\u0105dze\u0144 pods\u0142uchowych i lokalizacyjnych. Urz\u0105dzenie wyposa\u017cone jest w anten\u0119 z czujnikiem magnetycznym, co umo\u017cliwia detekcj\u0119 sygna\u0142\u00f3w w ciemnych miejscach. Wykrywa cz\u0119stotliwo\u015bci GSM, GPS, Wi-Fi oraz Bluetooth.<\/p>\n<h2>D\u0142ugi czas pracy<\/h2>\n<p>Wykrywacz dzia\u0142a na wbudowanym akumulatorze, kt\u00f3ry pozwala na nieprzerwan\u0105 prac\u0119 nawet do 45 godzin. Przy standardowym u\u017cytkowaniu, akumulator zapewnia wiele tygodni autonomicznej pracy, co sprawia, \u017ce korzystanie z urz\u0105dzenia jest wygodne i intuicyjne.<\/p>\n<h2>Przeszukaj pomieszczenie<\/h2>\n<p>W zestawie znajduje si\u0119 wykrywacz laserowy, kt\u00f3ry umo\u017cliwia identyfikacj\u0119 ukrytych kamer. Emitowany laser odbija \u015bwiat\u0142o, kt\u00f3re widoczne jest jako kropka przez wizjer urz\u0105dzenia. To niewielkie i por\u0119czne narz\u0119dzie stanowi dodatkow\u0105 ochron\u0119 prywatno\u015bci.<\/p>\n","protected":false},"excerpt":{"rendered":"<p>Wykrywacz MD8000 to zaawansowane urz\u0105dzenie do lokalizowania szpiegowskich kamer, pods\u0142uch\u00f3w i lokalizator\u00f3w. Oferuje \u0142atw\u0105 obs\u0142ug\u0119, d\u0142ugi czas pracy oraz dodatkow\u0105 ochron\u0119 prywatno\u015bci. Idealny do biura i domu.<\/p>\n","protected":false},"featured_media":2689,"comment_status":"open","ping_status":"closed","template":"","meta":[],"product_brand":[],"product_cat":[31],"product_tag":[39],"class_list":{"0":"post-2568","1":"product","2":"type-product","3":"status-publish","4":"has-post-thumbnail","6":"product_cat-wykrywacze","7":"product_tag-wykrywacz","9":"first","10":"outofstock","11":"taxable","12":"shipping-taxable","13":"purchasable","14":"product-type-simple"},"_links":{"self":[{"href":"https:\/\/www.warmix-detektyw.pl\/sklep\/wp-json\/wp\/v2\/product\/2568","targetHints":{"allow":["GET"]}}],"collection":[{"href":"https:\/\/www.warmix-detektyw.pl\/sklep\/wp-json\/wp\/v2\/product"}],"about":[{"href":"https:\/\/www.warmix-detektyw.pl\/sklep\/wp-json\/wp\/v2\/types\/product"}],"replies":[{"embeddable":true,"href":"https:\/\/www.warmix-detektyw.pl\/sklep\/wp-json\/wp\/v2\/comments?post=2568"}],"wp:featuredmedia":[{"embeddable":true,"href":"https:\/\/www.warmix-detektyw.pl\/sklep\/wp-json\/wp\/v2\/media\/2689"}],"wp:attachment":[{"href":"https:\/\/www.warmix-detektyw.pl\/sklep\/wp-json\/wp\/v2\/media?parent=2568"}],"wp:term":[{"taxonomy":"product_brand","embeddable":true,"href":"https:\/\/www.warmix-detektyw.pl\/sklep\/wp-json\/wp\/v2\/product_brand?post=2568"},{"taxonomy":"product_cat","embeddable":true,"href":"https:\/\/www.warmix-detektyw.pl\/sklep\/wp-json\/wp\/v2\/product_cat?post=2568"},{"taxonomy":"product_tag","embeddable":true,"href":"https:\/\/www.warmix-detektyw.pl\/sklep\/wp-json\/wp\/v2\/product_tag?post=2568"}],"curies":[{"name":"wp","href":"https:\/\/api.w.org\/{rel}","templated":true}]}}