{"id":2569,"date":"2024-10-14T08:34:23","date_gmt":"2024-10-14T06:34:23","guid":{"rendered":"https:\/\/www.warmix-detektyw.pl\/sklep\/?post_type=product&#038;p=2569"},"modified":"2025-09-27T23:52:12","modified_gmt":"2025-09-27T21:52:12","slug":"ukryta-kamera-z-czujnikiem-ruchu-efor-md31","status":"publish","type":"product","link":"https:\/\/www.warmix-detektyw.pl\/sklep\/produkt\/ukryta-kamera-z-czujnikiem-ruchu-efor-md31\/","title":{"rendered":"Ukryta Kamera z Czujnikiem Ruchu Efor MD31"},"content":{"rendered":"<h2>TECHNOLOGIA DLA TWOJEGO BEZPIECZE\u0143STWA<\/h2>\n<p><strong>Kamera MD31 Full HD IR z czujnikiem ruchu PIR<\/strong> to rejestrator posiadaj\u0105cy <strong>jeden z najd\u0142u\u017cszych czas\u00f3w pracy na akumulatorze<\/strong> bez zasilania sta\u0142ego. Zastosowano w niej <strong>fizyczny detektor ruchu PIR<\/strong>.<\/p>\n<p>Dana funkcjonalno\u015b\u0107 pozwala <strong>nawet na ok. 40 dni<\/strong> <strong>pracy na czuwaniu<\/strong> przy codziennym ruchu przed kamer\u0105.<\/p>\n<p><strong>Kamera MD31<\/strong> charakteryzuje si\u0119 <strong>miniaturowymi wymiarami<\/strong> oraz <strong>bardzo prostym i wygodnym monta\u017cem<\/strong>. Mo\u017ce by\u0107 u\u017cywana w r\u00f3\u017cnych sytuacjach, takich jak:<\/p>\n<ul>\n<li>Ochrona mieszkania, biura lub domu<\/li>\n<li>Bezpieczne monitorowanie samochodu<\/li>\n<li>Sprawdzenie obiektu w okolicy<\/li>\n<li>Monitorowanie zwierz\u0105t i dzieci<\/li>\n<li>Sprawdzanie czy kto\u015b niekradnie Twojego mienia<\/li>\n<\/ul>\n<h2>CECHY I FUNKCJE<\/h2>\n<ul>\n<li>Rozdzielczo\u015b\u0107: 1920 x 1080 FHD<\/li>\n<li>Wbudowany czujnik PIR<\/li>\n<li>System IR dla nocnego monitorowania<\/li>\n<li>40 dni pracy na czuwaniu<\/li>\n<li>Mo\u017cliwo\u015b\u0107 nagrywania w p\u0119tli<\/li>\n<li>Prosty monta\u017c<\/li>\n<li>Wymiary: 50 mm x 20 mm x 30 mm<\/li>\n<\/ul>\n","protected":false},"excerpt":{"rendered":"<p>Kamera MD31 Full HD IR z czujnikiem PIR zapewnia do 40 dni pracy na akumulatorze. Idealna do monitorowania dom\u00f3w, biur oraz ochrony mienia. \u0141atwy monta\u017c, wysoka jako\u015b\u0107 obrazu.<\/p>\n","protected":false},"featured_media":2699,"comment_status":"open","ping_status":"closed","template":"","meta":[],"product_brand":[],"product_cat":[32,35],"product_tag":[],"class_list":{"0":"post-2569","1":"product","2":"type-product","3":"status-publish","4":"has-post-thumbnail","6":"product_cat-kamery","7":"product_cat-kamery-dlugodzialajace","9":"first","10":"outofstock","11":"taxable","12":"shipping-taxable","13":"purchasable","14":"product-type-simple"},"_links":{"self":[{"href":"https:\/\/www.warmix-detektyw.pl\/sklep\/wp-json\/wp\/v2\/product\/2569","targetHints":{"allow":["GET"]}}],"collection":[{"href":"https:\/\/www.warmix-detektyw.pl\/sklep\/wp-json\/wp\/v2\/product"}],"about":[{"href":"https:\/\/www.warmix-detektyw.pl\/sklep\/wp-json\/wp\/v2\/types\/product"}],"replies":[{"embeddable":true,"href":"https:\/\/www.warmix-detektyw.pl\/sklep\/wp-json\/wp\/v2\/comments?post=2569"}],"wp:featuredmedia":[{"embeddable":true,"href":"https:\/\/www.warmix-detektyw.pl\/sklep\/wp-json\/wp\/v2\/media\/2699"}],"wp:attachment":[{"href":"https:\/\/www.warmix-detektyw.pl\/sklep\/wp-json\/wp\/v2\/media?parent=2569"}],"wp:term":[{"taxonomy":"product_brand","embeddable":true,"href":"https:\/\/www.warmix-detektyw.pl\/sklep\/wp-json\/wp\/v2\/product_brand?post=2569"},{"taxonomy":"product_cat","embeddable":true,"href":"https:\/\/www.warmix-detektyw.pl\/sklep\/wp-json\/wp\/v2\/product_cat?post=2569"},{"taxonomy":"product_tag","embeddable":true,"href":"https:\/\/www.warmix-detektyw.pl\/sklep\/wp-json\/wp\/v2\/product_tag?post=2569"}],"curies":[{"name":"wp","href":"https:\/\/api.w.org\/{rel}","templated":true}]}}