{"id":2629,"date":"2024-10-14T08:35:13","date_gmt":"2024-10-14T06:35:13","guid":{"rendered":"https:\/\/www.warmix-detektyw.pl\/sklep\/?post_type=product&#038;p=2629"},"modified":"2025-06-06T14:43:24","modified_gmt":"2025-06-06T12:43:24","slug":"mini-kamera-bezprzewodowa-ukryta-wifi-ineotronic-a57-podglad-na-zywo","status":"publish","type":"product","link":"https:\/\/www.warmix-detektyw.pl\/sklep\/produkt\/mini-kamera-bezprzewodowa-ukryta-wifi-ineotronic-a57-podglad-na-zywo\/","title":{"rendered":"Mini Kamera Bezprzewodowa Ukryta WIFI Ineotronic A57 Podgl\u0105d Na \u017bywo"},"content":{"rendered":"<p>&nbsp;<\/p>\n<h2>Dyskretna Kamera Mini<\/h2>\n<p><strong>D\u0142ugopis z kamer\u0105 A57 WI-Fi<\/strong> to nowoczesne urz\u0105dzenie, kt\u00f3re w subtelny spos\u00f3b ukrywa technologi\u0119 nagrywania w codziennym przedmiocie, jakim jest d\u0142ugopis. Jego elegancki design sprawia, \u017ce jest idealny do schowania w r\u00f3\u017cnych miejscach, zapewniaj\u0105c dyskrecj\u0119 podczas u\u017cytkowania.<\/p>\n<p>D\u0142ugopis A57 umo\u017cliwia rejestracj\u0119 wideo z d\u017awi\u0119kiem, co jest szczeg\u00f3lnie przydatne w przypadku:<\/p>\n<ul>\n<li>wa\u017cnych spotka\u0144<\/li>\n<li>wydarze\u0144, kt\u00f3re chcesz uwieczni\u0107<\/li>\n<\/ul>\n<p>Dzi\u0119ki funkcji Wi-Fi mo\u017cesz zdalnie transmitowa\u0107 obraz na \u017cywo, co znacznie zwi\u0119ksza jego wszechstronno\u015b\u0107. Materia\u0142y wideo s\u0105 zapisywane na ukrytej karcie pami\u0119ci microSD (nie do\u0142\u0105czonej do zestawu).<\/p>\n<h2>Prosta Konfiguracja z Aplikacj\u0105<\/h2>\n<p>Aplikacja do d\u0142ugopisu jest dost\u0119pna bezp\u0142atnie na systemy iOS oraz Android. Dzi\u0119ki jej prostocie, ka\u017cdy mo\u017ce szybko skonfigurowa\u0107 urz\u0105dzenie, co zosta\u0142o szczeg\u00f3\u0142owo pokazane w filmie instrukta\u017cowym. Po skonfigurowaniu, u\u017cytkownik mo\u017ce:<\/p>\n<ul>\n<li>obserwowa\u0107 na \u017cywo za pomoc\u0105 aplikacji<\/li>\n<li>zapisywa\u0107 wideo na karcie SD<\/li>\n<li>odtwarza\u0107 zarejestrowane pliki bezpo\u015brednio z aplikacji<\/li>\n<\/ul>\n<h2>Ukryta Miniaturowa Kamera<\/h2>\n<p>Miniaturowy obiektyw kamery umieszczony w g\u00f3rnej cz\u0119\u015bci d\u0142ugopisu umo\u017cliwia swobodne nagrywanie. Dzi\u0119ki zastosowanej zasuwce, \u0142atwo jest ukry\u0107 kamer\u0119 w razie potrzeby. Jako\u015b\u0107 nagrania wynosi 720P HD, co pozwala na wygodne rejestrowanie spotka\u0144 lub wydarze\u0144.<\/p>\n<h2>Wydajno\u015b\u0107 Baterii<\/h2>\n<p>D\u0142ugopis A57 jest zasilany przez akumulator, kt\u00f3ry zapewnia do 90 minut pracy. Taki czas dzia\u0142ania jest zadowalaj\u0105cy, bior\u0105c pod uwag\u0119 kompaktowe wymiary urz\u0105dzenia. Mo\u017cliwo\u015b\u0107 \u0142adowania przez standardow\u0105 \u0142adowark\u0119 lub port USB sprawia, \u017ce urz\u0105dzenie jest \u0142atwe w u\u017cytkowaniu.<\/p>\n<h2>Podsumowanie<\/h2>\n<p>To innowacyjne urz\u0105dzenie z pewno\u015bci\u0105 spe\u0142ni oczekiwania os\u00f3b, kt\u00f3re potrzebuj\u0105 dyskretnego sposobu na rejestrowanie wa\u017cnych moment\u00f3w. Dzi\u0119ki prostej obs\u0142udze i praktycznemu designowi, D\u0142ugopis Kamera WI-FI A57 to idealny wyb\u00f3r dla wymagaj\u0105cych u\u017cytkownik\u00f3w.<\/p>\n","protected":false},"excerpt":{"rendered":"<div class=\"flex-shrink-0 flex flex-col relative items-end\">\n<div>\n<div class=\"pt-0\">\n<div class=\"gizmo-bot-avatar flex h-8 w-8 items-center justify-center overflow-hidden rounded-full\">\n<div class=\"relative p-1 rounded-sm flex items-center justify-center bg-token-main-surface-primary text-token-text-primary h-8 w-8\">Kamera WiFi umo\u017cliwia podgl\u0105d z dowolnego miejsca, ma wbudowany akumulator i obs\u0142uguje karty microSD.<\/div>\n<\/div>\n<\/div>\n<\/div>\n<\/div>\n","protected":false},"featured_media":2823,"comment_status":"open","ping_status":"closed","template":"","meta":[],"product_brand":[],"product_cat":[33],"product_tag":[],"class_list":{"0":"post-2629","1":"product","2":"type-product","3":"status-publish","4":"has-post-thumbnail","6":"product_cat-kamery-zamaskowane","8":"first","9":"outofstock","10":"taxable","11":"shipping-taxable","12":"purchasable","13":"product-type-simple"},"_links":{"self":[{"href":"https:\/\/www.warmix-detektyw.pl\/sklep\/wp-json\/wp\/v2\/product\/2629","targetHints":{"allow":["GET"]}}],"collection":[{"href":"https:\/\/www.warmix-detektyw.pl\/sklep\/wp-json\/wp\/v2\/product"}],"about":[{"href":"https:\/\/www.warmix-detektyw.pl\/sklep\/wp-json\/wp\/v2\/types\/product"}],"replies":[{"embeddable":true,"href":"https:\/\/www.warmix-detektyw.pl\/sklep\/wp-json\/wp\/v2\/comments?post=2629"}],"wp:featuredmedia":[{"embeddable":true,"href":"https:\/\/www.warmix-detektyw.pl\/sklep\/wp-json\/wp\/v2\/media\/2823"}],"wp:attachment":[{"href":"https:\/\/www.warmix-detektyw.pl\/sklep\/wp-json\/wp\/v2\/media?parent=2629"}],"wp:term":[{"taxonomy":"product_brand","embeddable":true,"href":"https:\/\/www.warmix-detektyw.pl\/sklep\/wp-json\/wp\/v2\/product_brand?post=2629"},{"taxonomy":"product_cat","embeddable":true,"href":"https:\/\/www.warmix-detektyw.pl\/sklep\/wp-json\/wp\/v2\/product_cat?post=2629"},{"taxonomy":"product_tag","embeddable":true,"href":"https:\/\/www.warmix-detektyw.pl\/sklep\/wp-json\/wp\/v2\/product_tag?post=2629"}],"curies":[{"name":"wp","href":"https:\/\/api.w.org\/{rel}","templated":true}]}}