{"id":2670,"date":"2024-10-14T08:36:01","date_gmt":"2024-10-14T06:36:01","guid":{"rendered":"https:\/\/www.warmix-detektyw.pl\/sklep\/?post_type=product&#038;p=2670"},"modified":"2025-09-02T05:18:15","modified_gmt":"2025-09-02T03:18:15","slug":"lokalizator-gps-bez-abonamentu-track-ml920g-4g-magnes","status":"publish","type":"product","link":"https:\/\/www.warmix-detektyw.pl\/sklep\/produkt\/lokalizator-gps-bez-abonamentu-track-ml920g-4g-magnes\/","title":{"rendered":"Lokalizator GPS Bez Abonamentu Track ML920G 4G Magnes"},"content":{"rendered":"<h1>Lokalizator GPS ML920G 4G z Pods\u0142uchem na \u017cywo (D\u0142ugi czas Pracy)<\/h1>\n<h2><strong>LOKALIZUJ NA \u017bYWO W DOWOLNYM MOMENCIE W ZASI\u0118GU 4G<\/strong><\/h2>\n<h3><strong>GPS ML920G<\/strong> to urz\u0105dzenie nowej generacji <strong>z obs\u0142ug\u0105 technologii 4G do uzyskania lokalizacji po\u0142o\u017cenia<\/strong>.<br \/>\nZapewnia to prac\u0119 urz\u0105dzenia <strong>niezale\u017cnie od wprowadzanych nowych standard\u00f3w sieci GSM\/GPRS.<\/strong><\/h3>\n<p>Jest to pot\u0119\u017cny GPS o bardzo d\u0142ugiej pracy na baterii, kt\u00f3ry <strong>sprawdzi si\u0119 w r\u00f3\u017cnym zapotrzebowaniu i warunkach<\/strong>.<br \/>\nDzi\u0119ki solidnej <strong>hermetycznej obudowie<\/strong> lokalizator jest zabezpieczony przed panuj\u0105cymi <strong>niekorzystnymi warunkami pogodowymi<\/strong> takimi jak <strong>deszcz<\/strong>, <strong>\u015bnieg<\/strong>, <strong>mr\u00f3z<\/strong> czy <strong>b\u0142oto<\/strong>.<\/p>\n<p><strong>Lokalizator obs\u0142uguje wszystkie karty SIM<\/strong> (karta musi by\u0107 zarejestrowana i aktywna, bez kodu PIN).<br \/>\n<strong>Wystarczy w\u0142o\u017cy\u0107 kart\u0119 telefoniczn\u0105 SIM<\/strong> i <strong>GPS jest gotowy do u\u017cytkowania<\/strong>.<\/p>\n<p>Sprz\u0119t pozwala na prac\u0119 <strong>do 120 dni w trybie czuwania i do ok. 60 dni w normalnej pracy<\/strong>.<br \/>\nPosiada <strong>niezwykle silne magnesy neodymowe<\/strong> u swojej podstawy do wygodnego mocowania.<\/p>\n<h2><strong>NIEZWYKLE PROSTA OBS\u0141UGA I MONTA\u017b LOKALIZATORA<\/strong><\/h2>\n<h3><strong>PROSTY MONTA\u017b I UKRYCIE GPS<\/strong><\/h3>\n<h3><strong>Charakterystycznym dla danego lokalizatora jest<\/strong> <strong>bardzo d\u0142ugi czas pracy<\/strong> w czuwaniu jak i w realnym u\u017cytkowaniu <strong>nawet do 60 dni<\/strong>.<br \/>\nUruchom sprz\u0119t w kilka minut od w\u0142o\u017cenia karty SIM <strong>. Jego pot\u0119\u017cne dwa magnesy neodymowe jak i wci\u0105\u017c w miar\u0119 zgrabny rozmiar 11,5 x 6,5 x 4,7cm<\/strong> pozwala na wygodne umieszczenie go w<br \/>\n<strong>samochodzie osobowym, ci\u0119\u017carowym, \u0142odzi czy innej rzeczy, kt\u00f3r\u0105 chcemy zabezpieczy\u0107.<\/strong><\/h3>\n<p>Mo\u017cesz umie\u015bci\u0107 go <strong>w poje\u017adzie jak i pod nim, w kontenerze, torbie podr\u00f3\u017cnej<\/strong> czy w innym miejscu.<br \/>\nDzi\u0119ki silnym magnesom neodymowym u podstawy z \u0142atwo\u015bci\u0105 <strong>przyczepisz go do metalowego elementu.<\/strong><\/p>\n<p><strong>W\u0142\u00f3\u017c kart\u0119 SIM i korzystaj ze sprz\u0119tu, \u0142atwo i szybko bez utrudnie\u0144.<\/strong><br \/>\n<em>*karta SIM nie jest elementem zestawu<\/em><\/p>\n<h3><strong>\u2713 Solidny GPS 4G o wielu mo\u017cliwo\u015bciach<\/strong><\/h3>\n<h2><strong>DARMOWY SERWER WWW ORAZ APLIKACJA NA TELEFON<\/strong><\/h2>\n<h3><strong>Lokalizator ML920G<\/strong> <strong>obs\u0142u\u017cysz \u0142atwo<\/strong> za pomoc\u0105 prostej i oczywi\u015bcie darmowej aplikacji mobilnej.<br \/>\nAplikacja na telefon jest obecnie w j. Angielskim, natomiast jest wybitnie prosta w obs\u0142udze. <strong>Sprz\u0119t jest gotowy do pracy.<\/strong><\/h3>\n<p>Je\u017celi nie chcesz korzysta\u0107 z aplikacji na telefonie ze wzgl\u0119d\u00f3w dyskrecji, <strong>mo\u017cesz dokona\u0107 \u015bledzenia przez darmow\u0105 stron\u0119 WWW w j. Polskim,<\/strong> gdzie uzyskasz wszelkie najwa\u017cniejsze <strong>dane o po\u0142o\u017ceniu i historii przemieszania.<\/strong><\/p>\n<p>Korzystanie z serwera jest ca\u0142kowicie darmowe po zakupie urz\u0105dzenia. <strong>GPS domy\u015blnie wysy\u0142a dane lokalizacji na serwer w odst\u0119pach czasowych<\/strong> (domy\u015blnie co 40 sekund).<\/p>\n<p>Dzi\u0119ki temu mo\u017cliwy jest <strong>przegl\u0105d historii przemieszczania<\/strong> <strong>si\u0119 lokalizatora<\/strong>. U\u017cytkownik decyduje o tym, kiedy lokalizator wysy\u0142a dane na serwer.<\/p>\n<p><strong>Dok\u0142adno\u015b\u0107 lokalizatora do oko\u0142o 3-10 metr\u00f3w<\/strong>. Magazynowanie historii po\u0142o\u017cenia <strong>do 6 miesi\u0119cy wstecz<\/strong> z funkcj\u0105 pobrania pliku z danych przemieszczania.<\/p>\n<h3><strong>\u2713 Wygodna obs\u0142uga lokalizacji<\/strong><\/h3>\n<h2><strong>NAJD\u0141U\u017bSZY CZAS PRACY<\/strong><\/h2>\n<h3><strong>Lokalizator posiada<\/strong> <strong>wbudowany akumulator wielokrotnego \u0142adowania 20000 mAh,<\/strong> kt\u00f3ry pozwoli na prac\u0119 <strong>nawet do 120 dni w czuwaniu<\/strong>.<br \/>\nAkumulator mo\u017cesz na\u0142adowa\u0107 na wiele sposob\u00f3w np. przez kabel zasilaj\u0105cy <strong>pod\u0142\u0105czaj\u0105c do \u0142adowarki 2A 5V takiej jak od telefonu.<\/strong><\/h3>\n<p>Uzyskany czas pracy sprz\u0119tu <strong>zale\u017cny jest od wykorzystywanych opcji<\/strong> oraz <strong>zasi\u0119gu sygna\u0142u GPS\/GSM<\/strong>.<br \/>\nPrzy domy\u015blnej lokalizacji co 60 sekund <strong>realny czas do uzyskania<\/strong> <strong>to ok. 60 dni pracy na pe\u0142nej baterii<\/strong>.<\/p>\n<p>Istnieje <strong>mo\u017cliwo\u015b\u0107<\/strong> <strong>zmiany wysy\u0142ania po\u0142o\u017cenia przez sprz\u0119t<\/strong> od 10 s do jednej na dzie\u0144.<\/p>\n<h3><strong>\u2713 D\u0142ugi czas pracy na baterii akumulatorowej<\/strong><\/h3>\n<h2><strong>FUNKCJE I MO\u017bLIWO\u015aCI GPS ML920G<\/strong><\/h2>\n<p><strong>\u2713 Mo\u017cliwo\u015b\u0107 wysy\u0142ania komendy SMS w celu lokalizacji<\/strong> na urz\u0105dzeniu.<\/p>\n<p><strong>\u2713 Wbudowany mikrofon pozwala na zdalne pods\u0142uchanie otoczenia<\/strong>, a po naci\u015bni\u0119ciu przycisku lokalizatora mo\u017cesz w \u0142atwy spos\u00f3b prze\u0142\u0105czy\u0107 si\u0119 na odbi\u00f3r d\u017awi\u0119ku.<\/p>\n<p><strong>\u2713 Tryb pods\u0142uchu \u2013 w ka\u017cdej chwili mo\u017cesz w\u0142\u0105czy\u0107 zdalny monitoring d\u017awi\u0119ku. Wystarczy wys\u0142a\u0107 komend\u0119 SMS do lokalizatora.<\/strong><\/p>\n<p><strong>\u2713 Ruchomo\u015b\u0107 &#8211; po wykryciu ruchu lokalizator powiadomi na wskazany numer telefonu poprzez SMS.<\/strong><\/p>\n<p><strong>\u2713 Mo\u017cliwo\u015b\u0107 ustawienia geofencing \u2013 po przekroczeniu ustalonej strefy, lokalizator powiadomi na wskazany numer.<\/strong><\/p>\n<p><strong>\u2713 Zasi\u0119g \u2013 mo\u017cliwo\u015b\u0107 u\u017cywania lokalizatora na ca\u0142ym \u015bwiecie!<\/strong><\/p>\n<p><strong>\u2713 Dzi\u0119ki silnym magnesom bez problemu przymocujesz go do dowolnej powierzchni.<\/strong><\/p>\n<h2><strong>SPECYFIKACJA:<\/strong><\/h2>\n<p><strong>Wymiary<\/strong>: 115x65x47mm<br \/>\n<strong>Waga<\/strong>: 200g<br \/>\n<strong>Czas pracy<\/strong>: 120 dni w trybie czuwania, 60 dni w trybie pracy<br \/>\n<strong>Wbudowana bateria<\/strong>: 20000 mAh<br \/>\n<strong>Zasi\u0119g<\/strong>: \u015awiat<br \/>\n<strong>Dok\u0142adno\u015b\u0107 lokalizacji<\/strong>: 3-10 m<br \/>\n<strong>Typ<\/strong>: 4G<br \/>\n<strong>Wbudowany mikrofon<\/strong>: Tak<\/p>\n<h2><strong>W ZESTAWIE:<\/strong><\/h2>\n<p>1 x Lokalizator ML920G 4G<br \/>\n1 x Kabel USB<br \/>\n1 x Instrukcja obs\u0142ugi<\/p>\n","protected":false},"excerpt":{"rendered":"<p>Nowoczesny GPS 4G z d\u0142ugim czasem pracy i funkcj\u0105 pods\u0142uchu na \u017cywo. Obs\u0142uguje aplikacj\u0119 mobiln\u0105 oraz stron\u0119 WWW. Wyposa\u017cony w hermetyczn\u0105 obudow\u0119 i mocny magnes neodymowy.<\/p>\n","protected":false},"featured_media":2848,"comment_status":"open","ping_status":"closed","template":"","meta":[],"product_brand":[],"product_cat":[38],"product_tag":[41],"class_list":{"0":"post-2670","1":"product","2":"type-product","3":"status-publish","4":"has-post-thumbnail","6":"product_cat-lokalizatory","7":"product_tag-gps","9":"first","10":"outofstock","11":"featured","12":"taxable","13":"shipping-taxable","14":"purchasable","15":"product-type-simple"},"_links":{"self":[{"href":"https:\/\/www.warmix-detektyw.pl\/sklep\/wp-json\/wp\/v2\/product\/2670","targetHints":{"allow":["GET"]}}],"collection":[{"href":"https:\/\/www.warmix-detektyw.pl\/sklep\/wp-json\/wp\/v2\/product"}],"about":[{"href":"https:\/\/www.warmix-detektyw.pl\/sklep\/wp-json\/wp\/v2\/types\/product"}],"replies":[{"embeddable":true,"href":"https:\/\/www.warmix-detektyw.pl\/sklep\/wp-json\/wp\/v2\/comments?post=2670"}],"wp:featuredmedia":[{"embeddable":true,"href":"https:\/\/www.warmix-detektyw.pl\/sklep\/wp-json\/wp\/v2\/media\/2848"}],"wp:attachment":[{"href":"https:\/\/www.warmix-detektyw.pl\/sklep\/wp-json\/wp\/v2\/media?parent=2670"}],"wp:term":[{"taxonomy":"product_brand","embeddable":true,"href":"https:\/\/www.warmix-detektyw.pl\/sklep\/wp-json\/wp\/v2\/product_brand?post=2670"},{"taxonomy":"product_cat","embeddable":true,"href":"https:\/\/www.warmix-detektyw.pl\/sklep\/wp-json\/wp\/v2\/product_cat?post=2670"},{"taxonomy":"product_tag","embeddable":true,"href":"https:\/\/www.warmix-detektyw.pl\/sklep\/wp-json\/wp\/v2\/product_tag?post=2670"}],"curies":[{"name":"wp","href":"https:\/\/api.w.org\/{rel}","templated":true}]}}