{"id":2695,"date":"2024-10-14T08:36:29","date_gmt":"2024-10-14T06:36:29","guid":{"rendered":"https:\/\/www.warmix-detektyw.pl\/sklep\/?post_type=product&#038;p=2695"},"modified":"2025-08-21T09:05:15","modified_gmt":"2025-08-21T07:05:15","slug":"kamera-efor-nx-189","status":"publish","type":"product","link":"https:\/\/www.warmix-detektyw.pl\/sklep\/produkt\/kamera-efor-nx-189\/","title":{"rendered":"Kamera Efor NX-189"},"content":{"rendered":"<h2>Kamera instalacyjna NX293 NX86<\/h2>\n<p>Opis: Kamera instalacyjna NX293 NX86 na pilot nie spyone HD ineotronic.<\/p>\n<h2>Kamera instalacyjna NX189<\/h2>\n<p>Opis: Kamera instalacyjna NX189 na pilot nie spyone Full HD ineotronic.<\/p>\n<h2>Dyskretna mini kamera<\/h2>\n<p>&#8212;&#8212;&#8212;&#8212;&#8212;&#8212;&#8212;&#8212;&#8212;&#8212;&#8212;&#8212;&#8212;&#8212;&#8212;&#8212;&#8212;&#8212;&#8212;&#8212;<\/p>\n<p><strong>NX189<\/strong> to kamera instalacyjna, <strong>w\u0142asny monta\u017c wraz z kamufla\u017cem sprz\u0119tu zapewnia pe\u0142n\u0105 dyskrecj\u0119 rejestracji<\/strong> wa\u017cnego <strong>spotkania<\/strong>, <strong>wydarzenia<\/strong> czy nietypowej sytuacji. Wideo jest zapisywane na <strong>ukrytej w kamerze pod termokurczem karcie pami\u0119ci microSD<\/strong> (brak w zestawie). <strong>Ukryj<\/strong> lub <strong>zamontuj dowolnie<\/strong> i <strong>nagraj wa\u017cny dla Ciebie moment<\/strong> czy zdarzenie. Rejestruj <strong>w trybie ci\u0105g\u0142ym<\/strong> lub w trybie <strong>cyfrowej detekcji ruchu<\/strong> by zmniejszy\u0107 zu\u017cycie karty pami\u0119ci.<\/p>\n<h2>Sprawd\u017a prost\u0105 obs\u0142ug\u0119 kamery NX-189<\/h2>\n<p><strong>Sprawd\u017a film w j\u0119zyku polskim na YouTube.<\/strong><\/p>\n<h2>Ukryta dyskretna kamera<\/h2>\n<p>&#8212;&#8212;&#8212;&#8212;&#8212;&#8212;&#8212;&#8212;&#8212;&#8212;&#8212;&#8212;&#8212;&#8212;&#8212;&#8212;&#8212;&#8212;&#8212;&#8212;<\/p>\n<p><strong>Kamera szpiegowska na ta\u015bmie do ukrycia<\/strong> w danej konfiguracji to <strong>jedno z najmniejszych urz\u0105dze\u0144<\/strong> <strong>rejestruj\u0105cych obraz wideo wraz z g\u0142osem w wysokiej rozdzielczo\u015bci 1080P Full HD<\/strong>. Zadbano w niej o <strong>ma\u0142e gabaryty<\/strong>, <strong>\u0142atwo\u015b\u0107 obs\u0142ugi<\/strong> oraz <strong>d\u0142ugi czas pracy<\/strong>. Mo\u017cna j\u0105 zastosowa\u0107 np. <strong>w formie kamery nasobnej<\/strong> w ubraniu, <strong>torbie<\/strong> lub <strong>plecaku<\/strong> oraz mo\u017cna <strong>wbudowa\u0107 w g\u0142o\u015bnik, doniczk\u0119<\/strong> czy umie\u015bci\u0107 na plecach komody. <strong>Urz\u0105dzenie obs\u0142uguje karty pami\u0119ci micro SD od 8 do 128GB.<\/strong><\/p>\n<p><strong>\u2713<\/strong> <strong>Niezliczenie wiele opcji monta\u017cu<\/strong><\/p>\n<h2>Wygodne sterowanie pilotem<\/h2>\n<p>&#8212;&#8212;&#8212;&#8212;&#8212;&#8212;&#8212;&#8212;&#8212;&#8212;&#8212;&#8212;&#8212;&#8212;&#8212;&#8212;&#8212;&#8212;&#8212;&#8212;<\/p>\n<p>Dzi\u0119ki zastosowaniu pilota radiowego <strong>obs\u0142uga kamery jest prosta i intuicyjna<\/strong>. Zasi\u0119g pilota wynosi <strong>nawet do 4 metr\u00f3w od kamery<\/strong>. Wyb\u00f3r trybu pracy jest zale\u017cny od Ciebie, <strong>wystarczy wybra\u0107 jedn\u0105 z 3 opcji<\/strong> dost\u0119pnych na pilocie. Mo\u017cna ni\u0105 <strong>nagrywa\u0107 obraz ci\u0105g\u0142y<\/strong> z g\u0142osem, wybra\u0107 <strong>tryb detekcji cyfrowej ruchu<\/strong> oraz <strong>wykona\u0107 stopklatk\u0119<\/strong>. Niezwykle \u0142atwa obs\u0142uga urz\u0105dzenia.<\/p>\n<p><strong>\u2713<\/strong> <strong>\u0141atwe i wygodne sterowanie<\/strong><\/p>\n<h2>D\u0142ugi czas pracy<\/h2>\n<p>&#8212;&#8212;&#8212;&#8212;&#8212;&#8212;&#8212;&#8212;&#8212;&#8212;&#8212;&#8212;&#8212;&#8212;&#8212;&#8212;&#8212;&#8212;&#8212;&#8212;<\/p>\n<p>Zastosowana <strong>w zestawie bateria akumulatorowa<\/strong> zapewnia d\u0142ugi <strong>czas pracy nawet do ok. 24 godzin.<\/strong> <strong>Kamera<\/strong> obs\u0142uguje karty pami\u0119ci do max 128GB, kt\u00f3ra pozwoli na <strong>wiele godzin zapisu. Kamera mo\u017ce pracowa\u0107 r\u00f3wnie\u017c podpi\u0119ta pod powerbank<\/strong> czy <strong>zasilanie sta\u0142e.<\/strong><\/p>\n<p><strong>\u2713 D\u0142ugi czas pracy<\/strong><\/p>\n<h2>Realne zdj\u0119cia z urz\u0105dzenia:<\/h2>\n<p><strong>Sprawd\u017a, jak wygl\u0105da nagrywanie z kamery.<\/strong><\/p>\n","protected":false},"excerpt":{"rendered":"<p>Kamera instalacyjna NX293 NX86 Opis: Kamera instalacyjna NX293 NX86 na pilot nie spyone HD ineotronic. Kamera instalacyjna NX189 Opis: Kamera instalacyjna NX189 na pilot nie spyone Full HD ineotronic. Dyskretna mini kamera &#8212;&#8212;&#8212;&#8212;&#8212;&#8212;&#8212;&#8212;&#8212;&#8212;&#8212;&#8212;&#8212;&#8212;&#8212;&#8212;&#8212;&#8212;&#8212;&#8212; NX189 to kamera instalacyjna, w\u0142asny monta\u017c wraz z kamufla\u017cem sprz\u0119tu zapewnia pe\u0142n\u0105 dyskrecj\u0119 rejestracji wa\u017cnego spotkania, wydarzenia czy nietypowej sytuacji. Wideo jest&#8230;<\/p>\n","protected":false},"featured_media":2852,"comment_status":"open","ping_status":"closed","template":"","meta":[],"product_brand":[],"product_cat":[34],"product_tag":[],"class_list":{"0":"post-2695","1":"product","2":"type-product","3":"status-publish","4":"has-post-thumbnail","6":"product_cat-kamery-instalacyjne","8":"first","9":"outofstock","10":"taxable","11":"shipping-taxable","12":"purchasable","13":"product-type-simple"},"_links":{"self":[{"href":"https:\/\/www.warmix-detektyw.pl\/sklep\/wp-json\/wp\/v2\/product\/2695","targetHints":{"allow":["GET"]}}],"collection":[{"href":"https:\/\/www.warmix-detektyw.pl\/sklep\/wp-json\/wp\/v2\/product"}],"about":[{"href":"https:\/\/www.warmix-detektyw.pl\/sklep\/wp-json\/wp\/v2\/types\/product"}],"replies":[{"embeddable":true,"href":"https:\/\/www.warmix-detektyw.pl\/sklep\/wp-json\/wp\/v2\/comments?post=2695"}],"wp:featuredmedia":[{"embeddable":true,"href":"https:\/\/www.warmix-detektyw.pl\/sklep\/wp-json\/wp\/v2\/media\/2852"}],"wp:attachment":[{"href":"https:\/\/www.warmix-detektyw.pl\/sklep\/wp-json\/wp\/v2\/media?parent=2695"}],"wp:term":[{"taxonomy":"product_brand","embeddable":true,"href":"https:\/\/www.warmix-detektyw.pl\/sklep\/wp-json\/wp\/v2\/product_brand?post=2695"},{"taxonomy":"product_cat","embeddable":true,"href":"https:\/\/www.warmix-detektyw.pl\/sklep\/wp-json\/wp\/v2\/product_cat?post=2695"},{"taxonomy":"product_tag","embeddable":true,"href":"https:\/\/www.warmix-detektyw.pl\/sklep\/wp-json\/wp\/v2\/product_tag?post=2695"}],"curies":[{"name":"wp","href":"https:\/\/api.w.org\/{rel}","templated":true}]}}