{"id":2762,"date":"2024-10-14T08:37:15","date_gmt":"2024-10-14T06:37:15","guid":{"rendered":"https:\/\/www.warmix-detektyw.pl\/sklep\/?post_type=product&#038;p=2762"},"modified":"2025-09-29T23:51:42","modified_gmt":"2025-09-29T21:51:42","slug":"mini-kamera-bezprzewodowa-ukryta-l60-wifi-lampka-led-mikrofon-do-domu","status":"publish","type":"product","link":"https:\/\/www.warmix-detektyw.pl\/sklep\/produkt\/mini-kamera-bezprzewodowa-ukryta-l60-wifi-lampka-led-mikrofon-do-domu\/","title":{"rendered":"Mini Kamera Bezprzewodowa Ukryta L60 Wifi Lampka Led Mikrofon Do Domu"},"content":{"rendered":"<h2>Lampka LED L60 z Kamera Wi-Fi &#8211; Zdalny Podgl\u0105d<\/h2>\n<h3>Dyskretna kamera biurkowa<\/h3>\n<p class=\"thin-font\">Lampka LED L60 z wbudowan\u0105 kamer\u0105 Wi-Fi to <strong>innowacyjne rozwi\u0105zanie do monitorowania biura, mieszkania lub pokoju dziecka<\/strong>. Umo\u017cliwiaj\u0105c dyskretne nagrywanie oraz podgl\u0105d w czasie rzeczywistym, jest <strong>idealnym narz\u0119dziem do zapewnienia bezpiecze\u0144stwa i kontroli.<\/strong><\/p>\n<h3>Specyfikacje techniczne<\/h3>\n<ul>\n<li>Mo\u017cliwo\u015b\u0107 podgl\u0105du na \u017cywo w rozdzielczo\u015bci 4K oraz rejestracji w HD, co gwarantuje wysok\u0105 jako\u015b\u0107 obrazu.<\/li>\n<li>Obs\u0142uga aplikacji mobilnej umo\u017cliwiaj\u0105cej zdalny podgl\u0105d z ka\u017cdego miejsca na \u015bwiecie.<\/li>\n<li>Wspiera karty microSD o pojemno\u015bci do 128GB, co zapewnia wystarczaj\u0105c\u0105 przestrze\u0144 na przechowywanie nagra\u0144.<\/li>\n<li>Funkcja detekcji ruchu, kt\u00f3ra informuje u\u017cytkownika o wszelkich wykrytych aktywno\u015bciach, co pozwala na szybk\u0105 reakcj\u0119.<\/li>\n<li>Dzi\u0119ki akumulatorowi, lampa mo\u017ce dzia\u0142a\u0107 do 12 godzin, lub by\u0107 pod\u0142\u0105czona do zasilania sta\u0142ego 24\/7 dla ci\u0105g\u0142ego monitorowania.<\/li>\n<\/ul>\n<h3>Zdalny podgl\u0105d w czasie rzeczywistym<\/h3>\n<p class=\"thin-font\"><strong>Obserwuj obraz z urz\u0105dzenia<\/strong> na swoim telefonie lub tablecie z systemem iOS lub Android z <strong>dowolnego miejsca<\/strong> z dost\u0119pem do internetu. <strong>\u0141atwa konfiguracja przez darmow\u0105 aplikacj\u0119<\/strong> z domow\u0105 lub biurow\u0105 <strong>sieci\u0105 Wi-Fi<\/strong>. Obiektyw kamery jest dyskretnie umieszczony na froncie urz\u0105dzenia. <strong>Kamuflowany<\/strong> w ma\u0142ej dziurce nad ekranem LCD, lampka L60 <strong>wygl\u0105da jak zwyk\u0142e urz\u0105dzenie, a jednocze\u015bnie jest w pe\u0142ni funkcjonaln\u0105 lampk\u0105 LED.<\/strong><\/p>\n<h3>Wysokiej jako\u015bci nagrywanie wideo<\/h3>\n<p class=\"thin-font\"><strong>Kamera wyposa\u017cona jest w 32GB pami\u0119ci wewn\u0119trznej,<\/strong> co pozwala na nagranie wielu godzin materia\u0142u wideo. Oferuje r\u00f3wnie\u017c opcj\u0119 <strong>podgl\u0105du na \u017cywo<\/strong> przez aplikacj\u0119. <strong>Obraz w jako\u015bci 4K<\/strong> z mo\u017cliwo\u015bci\u0105 przeskoku do <strong>FULL HD<\/strong> (interpolowane). <strong>Niepozorny wygl\u0105d<\/strong> urz\u0105dzenia codziennego u\u017cytku oraz jego <strong>funkcjonalno\u015b\u0107<\/strong> sprawiaj\u0105, \u017ce jest to idealne rozwi\u0105zanie. Nagrania mo\u017cna \u0142atwo przesy\u0142a\u0107 z pami\u0119ci do telefonu przez aplikacj\u0119.<\/p>\n<h3>Darmowa aplikacja i detekcja ruchu<\/h3>\n<p class=\"thin-font\">Opr\u00f3cz <strong>mo\u017cliwo\u015bci podgl\u0105du online<\/strong> oraz <strong>nagrywania wideo<\/strong>, kamera oferuje <strong>opcj\u0119 zapisu obrazu z funkcj\u0105 detekcji ruchu<\/strong>. Pozwala to na <strong>oszcz\u0119dzanie miejsca na karcie pami\u0119ci<\/strong>, eliminuj\u0105c nagrywanie pustych fragment\u00f3w. Dodatkowo, po odpowiedniej konfiguracji <strong>darmowej aplikacji<\/strong> z sieci\u0105 Wi-Fi, kamera mo\u017ce wysy\u0142a\u0107 powiadomienia o wykrytym ruchu w formie alert\u00f3w na telefonie, co u\u0142atwia <strong>monitorowanie sytuacji<\/strong> w danym miejscu. W aplikacji znajdziesz r\u00f3wnie\u017c <strong>instrukcj\u0119 w j\u0119zyku polskim.<\/strong><\/p>\n<h3>D\u0142ugi czas pracy akumulatora lub ci\u0105g\u0142e zasilanie<\/h3>\n<p class=\"thin-font\">Urz\u0105dzenie zosta\u0142o wyposa\u017cone w <strong>akumulator,<\/strong> kt\u00f3ry pozwala na <strong>zasilanie lampki<\/strong> oraz <strong>kamery<\/strong>, umo\u017cliwiaj\u0105c dzia\u0142anie bez zewn\u0119trznego zasilania przez <strong>oko\u0142o 12 godzin<\/strong>. Mo\u017cna r\u00f3wnie\u017c pod\u0142\u0105czy\u0107 lampk\u0119 do \u0142adowarki USB <strong>1-2A 5V<\/strong> do kontaktu, co umo\u017cliwia jej prac\u0119 24\/7, zapewniaj\u0105c d\u0142ugotrwa\u0142e monitorowanie.<\/p>\n<h3>Funkcjonalna lampka LED<\/h3>\n<p class=\"thin-font\">Lampka LED, opr\u00f3cz funkcji kamery, oferuje <strong>trzy warianty o\u015bwietlenia<\/strong>. Wyposa\u017cona jest r\u00f3wnie\u017c w ekran LCD, kt\u00f3ry wy\u015bwietla <strong>godzin\u0119, dat\u0119<\/strong> oraz <strong>temperatur\u0119<\/strong> w pomieszczeniu. Dodatkowo, dolna podstawka umo\u017cliwia wygodne oparcie telefonu. Te dodatkowe funkcje <strong>zwi\u0119kszaj\u0105 dyskrecj\u0119<\/strong> lampki, sprawiaj\u0105c, \u017ce nie wzbudza ona podejrze\u0144 os\u00f3b postronnych.<\/p>\n","protected":false},"excerpt":{"rendered":"<p><strong>Lampka LED L60 z Kamer\u0105 Wi-Fi<\/strong> to nowoczesne urz\u0105dzenie, kt\u00f3re \u0142\u0105czy w sobie funkcje monitoringu i o\u015bwietlenia. Oferuje <strong>podgl\u0105d w rozdzielczo\u015bci 4K<\/strong> oraz zapis w HD, co zapewnia <strong>wysok\u0105 jako\u015b\u0107 obrazu<\/strong>. Dzi\u0119ki darmowej aplikacji, mo\u017cliwy jest <strong>zdalny dost\u0119p do kamery<\/strong>, co umo\u017cliwia monitorowanie przestrzeni z dowolnego miejsca. Urz\u0105dzenie obs\u0142uguje karty microSD o pojemno\u015bci do <strong>128GB<\/strong>, co zapewnia du\u017co miejsca na nagrania. Dodatkowo, <strong>funkcja detekcji ruchu<\/strong> pozwala na szybk\u0105 reakcj\u0119 w przypadku wykrycia aktywno\u015bci. Lampka dzia\u0142a na <strong>baterii do 12 godzin<\/strong> lub mo\u017ce by\u0107 zasilana stale, co umo\u017cliwia <strong>ci\u0105g\u0142e monitorowanie 24\/7<\/strong>.<\/p>\n","protected":false},"featured_media":2884,"comment_status":"open","ping_status":"closed","template":"","meta":[],"product_brand":[],"product_cat":[32,42],"product_tag":[],"class_list":{"0":"post-2762","1":"product","2":"type-product","3":"status-publish","4":"has-post-thumbnail","6":"product_cat-kamery","7":"product_cat-kamery-stojace","9":"first","10":"instock","11":"taxable","12":"shipping-taxable","13":"purchasable","14":"product-type-simple"},"_links":{"self":[{"href":"https:\/\/www.warmix-detektyw.pl\/sklep\/wp-json\/wp\/v2\/product\/2762","targetHints":{"allow":["GET"]}}],"collection":[{"href":"https:\/\/www.warmix-detektyw.pl\/sklep\/wp-json\/wp\/v2\/product"}],"about":[{"href":"https:\/\/www.warmix-detektyw.pl\/sklep\/wp-json\/wp\/v2\/types\/product"}],"replies":[{"embeddable":true,"href":"https:\/\/www.warmix-detektyw.pl\/sklep\/wp-json\/wp\/v2\/comments?post=2762"}],"wp:featuredmedia":[{"embeddable":true,"href":"https:\/\/www.warmix-detektyw.pl\/sklep\/wp-json\/wp\/v2\/media\/2884"}],"wp:attachment":[{"href":"https:\/\/www.warmix-detektyw.pl\/sklep\/wp-json\/wp\/v2\/media?parent=2762"}],"wp:term":[{"taxonomy":"product_brand","embeddable":true,"href":"https:\/\/www.warmix-detektyw.pl\/sklep\/wp-json\/wp\/v2\/product_brand?post=2762"},{"taxonomy":"product_cat","embeddable":true,"href":"https:\/\/www.warmix-detektyw.pl\/sklep\/wp-json\/wp\/v2\/product_cat?post=2762"},{"taxonomy":"product_tag","embeddable":true,"href":"https:\/\/www.warmix-detektyw.pl\/sklep\/wp-json\/wp\/v2\/product_tag?post=2762"}],"curies":[{"name":"wp","href":"https:\/\/api.w.org\/{rel}","templated":true}]}}