{"id":2794,"date":"2024-10-14T08:37:38","date_gmt":"2024-10-14T06:37:38","guid":{"rendered":"https:\/\/www.warmix-detektyw.pl\/sklep\/?post_type=product&#038;p=2794"},"modified":"2025-09-29T23:51:40","modified_gmt":"2025-09-29T21:51:40","slug":"okulary-z-kamera-ineotronic-g3000","status":"publish","type":"product","link":"https:\/\/www.warmix-detektyw.pl\/sklep\/produkt\/okulary-z-kamera-ineotronic-g3000\/","title":{"rendered":"Okulary z kamer\u0105 Ineotronic G3000"},"content":{"rendered":"<h2>OKULARY SZPIEGOWSKIE Z KAMER\u0104 G3000 FULL HD<\/h2>\n<p><strong>Okulary G3000<\/strong> z <strong>ukryt\u0105 kamer\u0105<\/strong> umo\u017cliwiaj\u0105 dyskretn\u0105 rejestracj\u0119 wideo z d\u017awi\u0119kiem w <strong>wysokiej rozdzielczo\u015bci 1080 FULL HD<\/strong>. Okulary posiadaj\u0105 dyskretny obiektyw, kt\u00f3ry zosta\u0142 ukryty pod szklist\u0105 powierzchni\u0105 i jest niewidoczny dla os\u00f3b trzecich. Rozpocznij rejestracje w prosty spos\u00f3b, wszystko uruchomisz jednym przyciskiem. Jedno na\u0142adowanie akumulatora wystarcza na ok. <strong>70 minut pracy<\/strong> na zastosowanym akumulatorze. Prosta obs\u0142uga za pomoc\u0105 przycisku, wybierz opcje wideo lub zr\u00f3b zdj\u0119cie. Instrukcja zawsze w j\u0119zyku Polskim w wersji cyfrowej lub z naszym filmem.<\/p>\n<ul>\n<li><strong>Dyskretna rejestracja<\/strong>: Okulary umo\u017cliwiaj\u0105 nagrywanie wideo z d\u017awi\u0119kiem w niezauwa\u017calny spos\u00f3b.<\/li>\n<li><strong>Wysoka jako\u015b\u0107 obrazu<\/strong>: Rejestracja w rozdzielczo\u015bci 1080 FULL HD gwarantuje doskona\u0142\u0105 jako\u015b\u0107 materia\u0142u.<\/li>\n<li><strong>Prosta obs\u0142uga<\/strong>: Uruchamianie nagrywania odbywa si\u0119 za pomoc\u0105 jednego przycisku.<\/li>\n<li><strong>Czas pracy<\/strong>: Akumulator umo\u017cliwia oko\u0142o 70 minut ci\u0105g\u0142ego nagrywania.<\/li>\n<\/ul>\n<h2>Ukryta kamera pod szklist\u0105 powierzchni\u0105<\/h2>\n<p>Okulary posiadaj\u0105 bardzo dyskretny obiektyw, kt\u00f3ry zosta\u0142 <strong>ukryty pod szklist\u0105 powierzchni\u0105<\/strong>. Pozwala to na <strong>wygodne nagrywanie wideo z d\u017awi\u0119kiem<\/strong> w pe\u0142nej dyskrecji <strong>bez podejrze\u0144 os\u00f3b trzecich<\/strong>. Ukrycie pod szklist\u0105 powierzchni\u0105 zapewnia dodatkowy element ukrycia, wp\u0142ywaj\u0105c delikatnie na jasno\u015b\u0107 nagrania w ciemnych pomieszczeniach, jednak <strong>przy dobrym o\u015bwietleniu bez problemu rozpoznasz posta\u0107 czy sytuacj\u0119<\/strong>. Na dole oferty prezentujemy <strong>realne stopklatki z wideo<\/strong> z danego modelu, a obraz z okular\u00f3w <strong>zobaczysz r\u00f3wnie\u017c w naszym filmie<\/strong> do sprz\u0119tu umieszczonym poni\u017cej.<\/p>\n<ul>\n<li><strong>Pe\u0142na dyskrecja nagrywania<\/strong>: Dzi\u0119ki obiektywowi ukrytemu pod szklist\u0105 powierzchni\u0105, okulary umo\u017cliwiaj\u0105 dyskretne nagrywanie wideo z d\u017awi\u0119kiem, gwarantuj\u0105c brak podejrze\u0144 ze strony os\u00f3b trzecich.<\/li>\n<\/ul>\n<h2>Intuicyjna obs\u0142uga jednoprzyciskowa<\/h2>\n<p><strong>Urz\u0105dzenie obs\u0142ugiwane jest jednym przyciskiem<\/strong>, co umo\u017cliwia szybkie uruchomienie i wyb\u00f3r trybu dzia\u0142ania. <strong>Nagrywanie wideo<\/strong> lub <strong>robienie zdj\u0119\u0107<\/strong> odbywa si\u0119 poprzez jedno klikni\u0119cie przycisku na zauszniku okular\u00f3w. Funkcja ta jest wygodna w ka\u017cdych warunkach. <strong>Model zapewniaj\u0105cy dyskrecj\u0119<\/strong> i funkcjonalno\u015b\u0107. W trakcie nagrywania dioda informacyjna o pracy kamery <strong>nie emituje \u015bwiat\u0142a<\/strong>, co zwi\u0119ksza dyskrecj\u0119.<\/p>\n<h2>Dyskrecja i funkcjonalno\u015b\u0107<\/h2>\n<p>Dzi\u0119ki <strong>wysokiej rozdzielczo\u015bci zapisu Full HD<\/strong>, szczeg\u00f3\u0142y s\u0105 \u0142atwo rozpoznawalne, a osoby &#8211; identyfikowalne. <strong>Obiektyw ukryty pod szklist\u0105 powierzchni\u0105<\/strong> gwarantuje anonimowo\u015b\u0107 podczas nagrywania. <strong>Nowoczesny i elegancki design<\/strong> sprawia, \u017ce okulary nie odr\u00f3\u017cniaj\u0105 si\u0119 od zwyk\u0142ych modeli. Zapewniaj\u0105 one wysok\u0105 jako\u015b\u0107 obrazu i d\u017awi\u0119ku w dobrym o\u015bwietleniu. Model V15, o klasycznych, uniseksowych kszta\u0142tach, jest odpowiedni dla ka\u017cdego u\u017cytkownika.<\/p>\n<h2>Wydajno\u015b\u0107 baterii<\/h2>\n<p>Okulary G3000 wyposa\u017cone s\u0105 w <strong>wbudowany akumulator bateryjny wielokrotnego \u0142adowania<\/strong>, kt\u00f3ry zapewnia oko\u0142o <strong>70 minut pracy<\/strong> na pe\u0142nym na\u0142adowaniu. Dane mo\u017cna \u0142atwo zsynchronizowa\u0107, pod\u0142\u0105czaj\u0105c okulary do komputera za pomoc\u0105 przewodu USB lub poprzez wyj\u0119cie karty SD i umieszczenie jej w adapterze. <strong>Okulary kompatybilne s\u0105 z kartami SD o pojemno\u015bci od 8 GB do 32 GB<\/strong>; dost\u0119pna jest r\u00f3wnie\u017c opcja zakupu karty u nas. Na\u0142aduj urz\u0105dzenie bezpo\u015brednio z komputera lub za pomoc\u0105 \u0142adowarki USB o mocy 1-2A 5V.<\/p>\n","protected":false},"excerpt":{"rendered":"<div class=\"flex-shrink-0 flex flex-col relative items-end\">\n<div>\n<div class=\"pt-0\">\n<div class=\"gizmo-bot-avatar flex h-8 w-8 items-center justify-center overflow-hidden rounded-full\">\n<div class=\"relative p-1 rounded-sm flex items-center justify-center bg-token-main-surface-primary text-token-text-primary h-8 w-8\">Okulary szpiegowskie G3000 umo\u017cliwiaj\u0105 dyskretne nagrywanie wideo z d\u017awi\u0119kiem w jako\u015bci Full HD. Posiadaj\u0105 prost\u0105 obs\u0142ug\u0119 za pomoc\u0105 jednego przycisku, a wbudowany akumulator pozwala na oko\u0142o 70 minut pracy. Idealne do niepozornego rejestrowania zdarze\u0144.<\/div>\n<\/div>\n<\/div>\n<\/div>\n<\/div>\n","protected":false},"featured_media":2897,"comment_status":"open","ping_status":"closed","template":"","meta":[],"product_brand":[],"product_cat":[32,33],"product_tag":[],"class_list":{"0":"post-2794","1":"product","2":"type-product","3":"status-publish","4":"has-post-thumbnail","6":"product_cat-kamery","7":"product_cat-kamery-zamaskowane","9":"first","10":"instock","11":"featured","12":"taxable","13":"shipping-taxable","14":"purchasable","15":"product-type-simple"},"_links":{"self":[{"href":"https:\/\/www.warmix-detektyw.pl\/sklep\/wp-json\/wp\/v2\/product\/2794","targetHints":{"allow":["GET"]}}],"collection":[{"href":"https:\/\/www.warmix-detektyw.pl\/sklep\/wp-json\/wp\/v2\/product"}],"about":[{"href":"https:\/\/www.warmix-detektyw.pl\/sklep\/wp-json\/wp\/v2\/types\/product"}],"replies":[{"embeddable":true,"href":"https:\/\/www.warmix-detektyw.pl\/sklep\/wp-json\/wp\/v2\/comments?post=2794"}],"wp:featuredmedia":[{"embeddable":true,"href":"https:\/\/www.warmix-detektyw.pl\/sklep\/wp-json\/wp\/v2\/media\/2897"}],"wp:attachment":[{"href":"https:\/\/www.warmix-detektyw.pl\/sklep\/wp-json\/wp\/v2\/media?parent=2794"}],"wp:term":[{"taxonomy":"product_brand","embeddable":true,"href":"https:\/\/www.warmix-detektyw.pl\/sklep\/wp-json\/wp\/v2\/product_brand?post=2794"},{"taxonomy":"product_cat","embeddable":true,"href":"https:\/\/www.warmix-detektyw.pl\/sklep\/wp-json\/wp\/v2\/product_cat?post=2794"},{"taxonomy":"product_tag","embeddable":true,"href":"https:\/\/www.warmix-detektyw.pl\/sklep\/wp-json\/wp\/v2\/product_tag?post=2794"}],"curies":[{"name":"wp","href":"https:\/\/api.w.org\/{rel}","templated":true}]}}