{"id":2798,"date":"2024-10-14T08:37:39","date_gmt":"2024-10-14T06:37:39","guid":{"rendered":"https:\/\/www.warmix-detektyw.pl\/sklep\/?post_type=product&#038;p=2798"},"modified":"2025-09-14T23:49:12","modified_gmt":"2025-09-14T21:49:12","slug":"dyktafon-szpiegowski-cd128-2w1-z-czujnikiem-dzwieku-magnes","status":"publish","type":"product","link":"https:\/\/www.warmix-detektyw.pl\/sklep\/produkt\/dyktafon-szpiegowski-cd128-2w1-z-czujnikiem-dzwieku-magnes\/","title":{"rendered":"Dyktafon Szpiegowski CD128 2w1 Z Czujnikiem D\u017awi\u0119ku Magnes"},"content":{"rendered":"<h2>Dyktafon Szpiegowski CD128 2w1 z Czujnikiem D\u017awi\u0119ku i Magnesem<\/h2>\n<p><strong>Dyktafon cyfrowy CB128<\/strong> obs\u0142uguj\u0105cy karty pami\u0119ci SD oferuje wyj\u0105tkowo d\u0142ugi czas nagrywania oraz <strong>dyskretne rejestrowanie d\u017awi\u0119ku w wysokiej jako\u015bci<\/strong>. Jest to wszechstronne urz\u0105dzenie, kt\u00f3re mo\u017cna wykorzysta\u0107 zar\u00f3wno <strong>w domu, biurze<\/strong>, jak i <strong>w samochodzie<\/strong>. Dyktafon mo\u017ce r\u00f3wnie\u017c pe\u0142ni\u0107 funkcj\u0119 przeno\u015bnego dysku. Obs\u0142uga urz\u0105dzenia jest niezwykle <strong>prosta dzi\u0119ki zastosowaniu suwak\u00f3w<\/strong>, kt\u00f3re pozwalaj\u0105 na \u0142atwe prze\u0142\u0105czanie trybu pracy. Dzi\u0119ki nim mo\u017cesz szybko wybra\u0107 opcj\u0119 <strong>nagrywania ci\u0105g\u0142ego<\/strong> lub tryb <strong>Detekcji D\u017awi\u0119ku VOS<\/strong>. Sprawd\u017a dodatkowe funkcje poni\u017cej.<\/p>\n<p>\u2705 Obs\u0142uga kart pami\u0119ci od 8 do 128 GB, w zestawie karta 16GB<br \/>\n\u2705 D\u0142ugi czas pracy \u2013 do oko\u0142o 500 godzin<br \/>\n\u2705 Wyb\u00f3r trybu pracy za pomoc\u0105 suwaka<br \/>\n\u2705 Detekcja g\u0142osu, kt\u00f3ra eliminuje nagrywanie ciszy  <\/p>\n<div class=\"f-row\">\n<div class=\"f-grid-9\">\n<h2>Obs\u0142uga kart pami\u0119ci i kompaktowe wymiary<\/h2>\n<p>    Dyktafon <strong>CB128<\/strong> obs\u0142uguje karty microSD, co daje wiele mo\u017cliwo\u015bci w kwestii bezpiecze\u0144stwa danych. Urz\u0105dzenie wsp\u00f3\u0142pracuje z kartami SD o pojemno\u015bci od 8GB do 128GB, co pozwala na zapis du\u017cej ilo\u015bci danych. W zestawie znajduje si\u0119 <strong>karta 16GB<\/strong>, na kt\u00f3rej mo\u017cna nagra\u0107 <strong>do 200 godzin d\u017awi\u0119ku<\/strong>. To popularny wyb\u00f3r w\u015br\u00f3d profesjonalist\u00f3w takich jak detektywi.\n  <\/div>\n<\/div>\n<div class=\"f-row\">\n<div class=\"f-grid-9\">\n<h2>Magnetyczna obudowa &#8211; \u0142atwe ukrycie<\/h2>\n<p>    <strong>Wbudowany magnes<\/strong> w tylnej cz\u0119\u015bci obudowy u\u0142atwia dyskretne zamocowanie urz\u0105dzenia w takich miejscach jak <strong>samoch\u00f3d (pod siedzeniem)<\/strong>, <strong>pod biurkiem<\/strong>, czy <strong>przy metalowej powierzchni<\/strong>. Magnes jest na tyle silny, \u017ce utrzymuje urz\u0105dzenie mimo jego niewielkiej wagi. Mo\u017cna go ukry\u0107 tak\u017ce na <strong>lod\u00f3wce<\/strong>, <strong>w plecaku<\/strong> lub <strong>na stole<\/strong>.\n  <\/div>\n<\/div>\n<div class=\"f-row\">\n<div class=\"f-grid-9\">\n<h2>Tryb nagrywania ci\u0105g\u0142ego \u2013 nie przegap \u017cadnego d\u017awi\u0119ku<\/h2>\n<p>    Dyktafon oferuje <strong>dwa tryby nagrywania<\/strong>. G\u0142\u00f3wny tryb to <strong>ci\u0105g\u0142a rejestracja d\u017awi\u0119ku w wysokiej jako\u015bci<\/strong>, co gwarantuje zapis ka\u017cdego d\u017awi\u0119ku w otoczeniu. Ten tryb jest idealny do rejestracji wa\u017cnych rozm\u00f3w i umo\u017cliwia ukrycie urz\u0105dzenia w r\u00f3\u017cnych miejscach. <strong>Zasi\u0119g mikrofonu wynosi oko\u0142o 8-10 metr\u00f3w<\/strong>, co pozwala uchwyci\u0107 ka\u017cdy g\u0142os z wi\u0119kszej odleg\u0142o\u015bci.\n  <\/div>\n<\/div>\n<div class=\"f-row\">\n<div class=\"f-grid-9\">\n<h2>Detekcja g\u0142osu \u2013 nagrywaj tylko istotne d\u017awi\u0119ki<\/h2>\n<p>    Urz\u0105dzenie wyposa\u017cone jest w funkcj\u0119 <strong>detekcji d\u017awi\u0119ku VOS<\/strong>, kt\u00f3ra pozwala na nagrywanie d\u017awi\u0119k\u00f3w automatycznie, kiedy ich nat\u0119\u017cenie przekroczy 45 dB. Tryb ten mo\u017cna \u0142atwo w\u0142\u0105czy\u0107 za pomoc\u0105 suwaka, co jest szczeg\u00f3lnie przydatne podczas monitorowania <strong>mieszkania<\/strong> lub <strong>pojazdu<\/strong>, kiedy nie chcemy rejestrowa\u0107 ciszy.\n  <\/div>\n<\/div>\n<div class=\"f-row\">\n<div class=\"f-grid-9\">\n<h2>D\u0142ugi czas pracy \u2013 a\u017c do 500 godzin<\/h2>\n<p>    Dzi\u0119ki zastosowanej baterii akumulatorowej, dyktafon mo\u017ce pracowa\u0107 nawet do <strong>20 dni<\/strong> na jednym \u0142adowaniu. Czas pracy wynosi do 500 godzin, co czyni ten model jednym z najd\u0142u\u017cej dzia\u0142aj\u0105cych na rynku. W trybie ci\u0105g\u0142ym, na karcie <strong>32GB<\/strong> mo\u017cna zarejestrowa\u0107 <strong>do 400 godzin nagra\u0144<\/strong>.\n  <\/div>\n<\/div>\n","protected":false},"excerpt":{"rendered":"<p>Dyktafon o d\u0142ugim czasie rejestracji d\u017awi\u0119ku w wysokiej jako\u015bci, idealny do u\u017cytku w mieszkaniu, biurze lub samochodzie. Oferuje wyb\u00f3r trybu nagrywania: ci\u0105g\u0142y lub z detekcj\u0105 d\u017awi\u0119ku. Dzi\u0119ki wbudowanemu magnesowi mo\u017cna go dyskretnie przymocowa\u0107 do r\u00f3\u017cnych powierzchni.<\/p>\n","protected":false},"featured_media":2919,"comment_status":"open","ping_status":"closed","template":"","meta":[],"product_brand":[],"product_cat":[37],"product_tag":[],"class_list":{"0":"post-2798","1":"product","2":"type-product","3":"status-publish","4":"has-post-thumbnail","6":"product_cat-dyktafony","8":"first","9":"instock","10":"taxable","11":"shipping-taxable","12":"purchasable","13":"product-type-simple"},"_links":{"self":[{"href":"https:\/\/www.warmix-detektyw.pl\/sklep\/wp-json\/wp\/v2\/product\/2798","targetHints":{"allow":["GET"]}}],"collection":[{"href":"https:\/\/www.warmix-detektyw.pl\/sklep\/wp-json\/wp\/v2\/product"}],"about":[{"href":"https:\/\/www.warmix-detektyw.pl\/sklep\/wp-json\/wp\/v2\/types\/product"}],"replies":[{"embeddable":true,"href":"https:\/\/www.warmix-detektyw.pl\/sklep\/wp-json\/wp\/v2\/comments?post=2798"}],"wp:featuredmedia":[{"embeddable":true,"href":"https:\/\/www.warmix-detektyw.pl\/sklep\/wp-json\/wp\/v2\/media\/2919"}],"wp:attachment":[{"href":"https:\/\/www.warmix-detektyw.pl\/sklep\/wp-json\/wp\/v2\/media?parent=2798"}],"wp:term":[{"taxonomy":"product_brand","embeddable":true,"href":"https:\/\/www.warmix-detektyw.pl\/sklep\/wp-json\/wp\/v2\/product_brand?post=2798"},{"taxonomy":"product_cat","embeddable":true,"href":"https:\/\/www.warmix-detektyw.pl\/sklep\/wp-json\/wp\/v2\/product_cat?post=2798"},{"taxonomy":"product_tag","embeddable":true,"href":"https:\/\/www.warmix-detektyw.pl\/sklep\/wp-json\/wp\/v2\/product_tag?post=2798"}],"curies":[{"name":"wp","href":"https:\/\/api.w.org\/{rel}","templated":true}]}}